{"id":16,"date":"2019-01-31T06:51:20","date_gmt":"2019-01-31T06:51:20","guid":{"rendered":"http:\/\/www.girini.sebi-it.ch\/?page_id=16"},"modified":"2019-09-26T16:11:56","modified_gmt":"2019-09-26T16:11:56","slug":"werkstatt","status":"publish","type":"page","link":"https:\/\/www.girini.ch\/index.php\/werkstatt\/","title":{"rendered":"Werkstatt"},"content":{"rendered":"\n<blockquote class=\"wp-block-quote is-style-large is-layout-flow wp-block-quote-is-layout-flow\"><p>Wir kennen Ihr Velo am besten, denn wir lieben und leben Velos.<\/p><\/blockquote>\n\n\n\n<p>Wir sind ein zertifiziertes Fahrrad-Fachgesch\u00e4ft und k\u00f6nnen Ersatzteile, welche wir nicht an Lager haben meistens innerhalb von 48h f\u00fcr Sie bestellen.<\/p>\n\n\n\n<p>Was bedeutet das f\u00fcr unsere Kunden?<\/p>\n\n\n\n<ul class=\"wp-block-list\"><li>Professionelle Dienstleistungen<\/li><li>Technisches Knowhow<\/li><li>Zuverl\u00e4ssige Beratung<\/li><li>Breite Palette von Shimano und Sram Originalteilen  <\/li><\/ul>\n\n\n\n<p>Velos sind unsere Leidenschaft und unser Leben. Deshalb sind wir stets auf dem neuesten Stand f\u00fcr diverse neue Produckte, Trends und Marken. <\/p>\n\n\n\n<p>Eine fr\u00fchzeitige Terminvereinbarung lohnt sich. Spontane Auftr\u00e4ge und Reparaturen sind herzlich willkommen.<\/p>\n","protected":false},"excerpt":{"rendered":"<p>Wir kennen Ihr Velo am besten, denn wir lieben und leben Velos. Wir sind ein zertifiziertes Fahrrad-Fachgesch\u00e4ft und k\u00f6nnen Ersatzteile, welche wir nicht an Lager haben meistens innerhalb von 48h f\u00fcr Sie bestellen. Was bedeutet das f\u00fcr unsere Kunden? Professionelle Dienstleistungen Technisches Knowhow Zuverl\u00e4ssige Beratung Breite Palette von Shimano und<span class=\"more-link\"><a href=\"https:\/\/www.girini.ch\/index.php\/werkstatt\/\">Continue Reading<\/a><\/span><\/p>\n","protected":false},"author":1,"featured_media":70,"parent":0,"menu_order":0,"comment_status":"closed","ping_status":"closed","template":"","meta":{"footnotes":""},"class_list":["entry","author-sebiit","post-16","page","type-page","status-publish","has-post-thumbnail"],"_links":{"self":[{"href":"https:\/\/www.girini.ch\/index.php\/wp-json\/wp\/v2\/pages\/16","targetHints":{"allow":["GET"]}}],"collection":[{"href":"https:\/\/www.girini.ch\/index.php\/wp-json\/wp\/v2\/pages"}],"about":[{"href":"https:\/\/www.girini.ch\/index.php\/wp-json\/wp\/v2\/types\/page"}],"author":[{"embeddable":true,"href":"https:\/\/www.girini.ch\/index.php\/wp-json\/wp\/v2\/users\/1"}],"replies":[{"embeddable":true,"href":"https:\/\/www.girini.ch\/index.php\/wp-json\/wp\/v2\/comments?post=16"}],"version-history":[{"count":4,"href":"https:\/\/www.girini.ch\/index.php\/wp-json\/wp\/v2\/pages\/16\/revisions"}],"predecessor-version":[{"id":273,"href":"https:\/\/www.girini.ch\/index.php\/wp-json\/wp\/v2\/pages\/16\/revisions\/273"}],"wp:featuredmedia":[{"embeddable":true,"href":"https:\/\/www.girini.ch\/index.php\/wp-json\/wp\/v2\/media\/70"}],"wp:attachment":[{"href":"https:\/\/www.girini.ch\/index.php\/wp-json\/wp\/v2\/media?parent=16"}],"curies":[{"name":"wp","href":"https:\/\/api.w.org\/{rel}","templated":true}]}}