{"id":18,"date":"2019-01-31T06:51:28","date_gmt":"2019-01-31T06:51:28","guid":{"rendered":"http:\/\/www.girini.sebi-it.ch\/?page_id=18"},"modified":"2019-03-07T11:35:43","modified_gmt":"2019-03-07T11:35:43","slug":"velos","status":"publish","type":"page","link":"https:\/\/www.girini.ch\/index.php\/velos\/","title":{"rendered":"Velos"},"content":{"rendered":"\n<p>Unsere Hauptmarken decken alles rund ums Velo f\u00fcr Sie ab. Vom Kindervelo bis zum E-Bike l\u00e4sst unser Produktportfolio keine W\u00fcnsche offen.<\/p>\n\n\n\n<hr class=\"wp-block-separator\"\/>\n\n\n\n<p>Scott: No shortcuts! Innovation, Technologie und Design.<br><a href=\"https:\/\/www.scott-sports.com\/\">www.scott-sports.com<\/a><\/p>\n\n\n\n<hr class=\"wp-block-separator\"\/>\n\n\n\n<p>BMC Switzerland: Swiss, Permium Performance cycling.<br><a href=\"https:\/\/www.bmc-switzerland.com\/ch-de\/\">www.bmc-switzerland.com<\/a><\/p>\n\n\n\n<hr class=\"wp-block-separator\"\/>\n\n\n\n<p>Simplon: Die Individualit\u00e4t einer Skulptur<br><a href=\"https:\/\/www.simplon.com\/de\">www.simplon.com<\/a><\/p>\n\n\n\n<hr class=\"wp-block-separator\"\/>\n\n\n\n<p>Bergstrom: Die modernsten Schweizer E-Bikes, Made in Switzerland.<br><a href=\"https:\/\/bergstrom.bike\/\">www.bergstrom.bike<\/a><\/p>\n\n\n\n<hr class=\"wp-block-separator\"\/>\n\n\n\n<blockquote class=\"wp-block-quote is-style-default is-layout-flow wp-block-quote-is-layout-flow\"><p><em>Weitere Marken k\u00f6nnen wir auf Anfrage gerne f\u00fcr Sie bestellen!<\/em><\/p><\/blockquote>\n","protected":false},"excerpt":{"rendered":"<p>Unsere Hauptmarken decken alles rund ums Velo f\u00fcr Sie ab. Vom Kindervelo bis zum E-Bike l\u00e4sst unser Produktportfolio keine W\u00fcnsche offen. Scott: No shortcuts! Innovation, Technologie und Design.www.scott-sports.com BMC Switzerland: Swiss, Permium Performance cycling.www.bmc-switzerland.com Simplon: Die Individualit\u00e4t einer Skulpturwww.simplon.com Bergstrom: Die modernsten Schweizer E-Bikes, Made in Switzerland.www.bergstrom.bike Weitere Marken k\u00f6nnen<span class=\"more-link\"><a href=\"https:\/\/www.girini.ch\/index.php\/velos\/\">Continue Reading<\/a><\/span><\/p>\n","protected":false},"author":1,"featured_media":202,"parent":0,"menu_order":0,"comment_status":"closed","ping_status":"closed","template":"","meta":{"footnotes":""},"class_list":["entry","author-sebiit","post-18","page","type-page","status-publish","has-post-thumbnail"],"_links":{"self":[{"href":"https:\/\/www.girini.ch\/index.php\/wp-json\/wp\/v2\/pages\/18","targetHints":{"allow":["GET"]}}],"collection":[{"href":"https:\/\/www.girini.ch\/index.php\/wp-json\/wp\/v2\/pages"}],"about":[{"href":"https:\/\/www.girini.ch\/index.php\/wp-json\/wp\/v2\/types\/page"}],"author":[{"embeddable":true,"href":"https:\/\/www.girini.ch\/index.php\/wp-json\/wp\/v2\/users\/1"}],"replies":[{"embeddable":true,"href":"https:\/\/www.girini.ch\/index.php\/wp-json\/wp\/v2\/comments?post=18"}],"version-history":[{"count":2,"href":"https:\/\/www.girini.ch\/index.php\/wp-json\/wp\/v2\/pages\/18\/revisions"}],"predecessor-version":[{"id":201,"href":"https:\/\/www.girini.ch\/index.php\/wp-json\/wp\/v2\/pages\/18\/revisions\/201"}],"wp:featuredmedia":[{"embeddable":true,"href":"https:\/\/www.girini.ch\/index.php\/wp-json\/wp\/v2\/media\/202"}],"wp:attachment":[{"href":"https:\/\/www.girini.ch\/index.php\/wp-json\/wp\/v2\/media?parent=18"}],"curies":[{"name":"wp","href":"https:\/\/api.w.org\/{rel}","templated":true}]}}